{"id":18858,"date":"2026-01-29T19:25:01","date_gmt":"2026-01-29T19:25:01","guid":{"rendered":"http:\/\/ucleraksesuar.com\/?page_id=18858"},"modified":"2026-02-02T16:31:43","modified_gmt":"2026-02-02T16:31:43","slug":"18858-2","status":"publish","type":"page","link":"http:\/\/ucleraksesuar.com\/","title":{"rendered":"\u00dc\u00e7ler Aksesuar"},"content":{"rendered":"<div class=\"ucler-manset\" data-interval=\"4500\" style=\"--ucler-manset-h:460px\"><div class=\"ucler-manset-track\"><section class=\"ucler-manset-slide\" aria-roledescription=\"slide\" aria-label=\"1\"><div class=\"ucler-manset-bg\" style=\"background-image:url(http:\/\/ucleraksesuar.com\/wp-content\/uploads\/2026\/01\/WhatsApp-Image-2026-01-28-at-10.13.10-1.jpeg)\"><\/div><div class=\"ucler-manset-overlay\"><\/div><div class=\"ucler-manset-inner\"><div class=\"ucler-manset-copy\"><h2><\/h2><p>Bizimle itei\u015fime ge\u00e7mek i\u00e7in  incelemek i\u00e7in t\u0131klay\u0131n\u0131z<\/p><div class=\"ucler-manset-actions\"><a class=\"ucler-btn ucler-primary\" href=\"http:\/\/ucleraksesuar.com\/index.php\/2026\/01\/29\/iletisim\/\">\u0130leti\u015fime Ge\u00e7<\/a><a class=\"ucler-btn ucler-ghost\" href=\"https:\/\/wa.me\/905053230803\" target=\"_blank\" rel=\"noopener\">WhatsApp<\/a><a class=\"ucler-btn ucler-ghost\" href=\"tel:05053230803\">Ara<\/a><\/div><\/div><\/div><\/section><section class=\"ucler-manset-slide\" aria-roledescription=\"slide\" aria-label=\"2\"><div class=\"ucler-manset-bg\" style=\"background-image:url(http:\/\/ucleraksesuar.com\/wp-content\/uploads\/2026\/01\/WhatsApp-Image-2026-01-27-at-21.40.10-1.jpeg)\"><\/div><div class=\"ucler-manset-overlay\"><\/div><div class=\"ucler-manset-inner\"><div class=\"ucler-manset-copy\"><h2><\/h2><p>\u00dcr\u00fcnlerimiz<\/p><div class=\"ucler-manset-actions\"><a class=\"ucler-btn ucler-primary\" href=\"http:\/\/ucleraksesuar.com\/index.php\/urunlerimiz\/\">\u00dcr\u00fcnlerimizi incele<\/a><a class=\"ucler-btn ucler-ghost\" href=\"https:\/\/wa.me\/905053230803\" target=\"_blank\" rel=\"noopener\">WhatsApp<\/a><a class=\"ucler-btn ucler-ghost\" href=\"tel:05053230803\">Ara<\/a><\/div><\/div><\/div><\/section><section class=\"ucler-manset-slide\" aria-roledescription=\"slide\" aria-label=\"3\"><div class=\"ucler-manset-bg\" style=\"background-image:url(http:\/\/ucleraksesuar.com\/wp-content\/uploads\/2026\/01\/WhatsApp-Image-2026-01-28-at-10.32.20-1.jpeg)\"><\/div><div class=\"ucler-manset-overlay\"><\/div><div class=\"ucler-manset-inner\"><div class=\"ucler-manset-copy\"><h2><\/h2><p>\u00dcr\u00fcnlerimiz<\/p><div class=\"ucler-manset-actions\"><a class=\"ucler-btn ucler-primary\" href=\"http:\/\/ucleraksesuar.com\/index.php\/urunlerimiz\/\">\u00dcr\u00fcnlerimizi incele<\/a><a class=\"ucler-btn ucler-ghost\" href=\"https:\/\/wa.me\/905053230803\" target=\"_blank\" rel=\"noopener\">WhatsApp<\/a><a class=\"ucler-btn ucler-ghost\" href=\"tel:05053230803\">Ara<\/a><\/div><\/div><\/div><\/section><section class=\"ucler-manset-slide\" aria-roledescription=\"slide\" aria-label=\"4\"><div class=\"ucler-manset-bg\" style=\"background-image:url(http:\/\/ucleraksesuar.com\/wp-content\/uploads\/2026\/01\/WhatsApp-Image-2026-01-27-at-21.52.51-1.jpeg)\"><\/div><div class=\"ucler-manset-overlay\"><\/div><div class=\"ucler-manset-inner\"><div class=\"ucler-manset-copy\"><h2><\/h2><div class=\"ucler-manset-actions\"><a class=\"ucler-btn ucler-primary\" href=\"http:\/\/ucleraksesuar.com\/index.php\/urunlerimiz\/\">\u00dcr\u00fcnlerimizi incele<\/a><a class=\"ucler-btn ucler-ghost\" href=\"https:\/\/wa.me\/905053230803\" target=\"_blank\" rel=\"noopener\">WhatsApp<\/a><a class=\"ucler-btn ucler-ghost\" href=\"tel:05053230803\">Ara<\/a><\/div><\/div><\/div><\/section><section class=\"ucler-manset-slide\" aria-roledescription=\"slide\" aria-label=\"5\"><div class=\"ucler-manset-bg\" style=\"background-image:url(http:\/\/ucleraksesuar.com\/wp-content\/uploads\/2026\/01\/WhatsApp-Image-2026-01-28-at-10.24.53-1.jpeg)\"><\/div><div class=\"ucler-manset-overlay\"><\/div><div class=\"ucler-manset-inner\"><div class=\"ucler-manset-copy\"><h2><\/h2><div class=\"ucler-manset-actions\"><a class=\"ucler-btn ucler-primary\" href=\"http:\/\/ucleraksesuar.com\/index.php\/urunlerimiz\/\">\u00dcr\u00fcnlerimizi incele<\/a><a class=\"ucler-btn ucler-ghost\" href=\"https:\/\/wa.me\/905053230803\" target=\"_blank\" rel=\"noopener\">WhatsApp<\/a><a class=\"ucler-btn ucler-ghost\" href=\"tel:05053230803\">Ara<\/a><\/div><\/div><\/div><\/section><section class=\"ucler-manset-slide\" aria-roledescription=\"slide\" aria-label=\"6\"><div class=\"ucler-manset-bg\" style=\"background-image:url(http:\/\/ucleraksesuar.com\/wp-content\/uploads\/2026\/02\/WhatsApp-Image-2026-02-02-at-12.17.39.jpeg)\"><\/div><div class=\"ucler-manset-overlay\"><\/div><div class=\"ucler-manset-inner\"><div class=\"ucler-manset-copy\"><h2><\/h2><p>\u0130\u015fyerimizden G\u00f6r\u00fcnt\u00fcler<\/p><div class=\"ucler-manset-actions\"><a class=\"ucler-btn ucler-primary\" href=\"http:\/\/ucleraksesuar.com\/index.php\/2023\/01\/29\/biz-kimiz\/\">\u0130\u015fyerimizden G\u00f6r\u00fcnt\u00fcler<\/a><a class=\"ucler-btn ucler-ghost\" href=\"https:\/\/wa.me\/905053230803\" target=\"_blank\" rel=\"noopener\">WhatsApp<\/a><a class=\"ucler-btn ucler-ghost\" href=\"tel:05053230803\">Ara<\/a><\/div><\/div><\/div><\/section><section class=\"ucler-manset-slide\" aria-roledescription=\"slide\" aria-label=\"7\"><div class=\"ucler-manset-bg\" style=\"background-image:url(http:\/\/ucleraksesuar.com\/wp-content\/uploads\/2026\/02\/WhatsApp-Image-2026-02-02-at-12.17.39-1.jpeg)\"><\/div><div class=\"ucler-manset-overlay\"><\/div><div class=\"ucler-manset-inner\"><div class=\"ucler-manset-copy\"><h2><\/h2><p>\u0130\u015fyerimizden G\u00f6r\u00fcnt\u00fcler<\/p><div class=\"ucler-manset-actions\"><a class=\"ucler-btn ucler-primary\" href=\"http:\/\/ucleraksesuar.com\/index.php\/2023\/01\/29\/biz-kimiz\/\">\u0130\u015fyerimizden G\u00f6r\u00fcnt\u00fcler<\/a><a class=\"ucler-btn ucler-ghost\" href=\"https:\/\/wa.me\/905053230803\" target=\"_blank\" rel=\"noopener\">WhatsApp<\/a><a class=\"ucler-btn ucler-ghost\" href=\"tel:05053230803\">Ara<\/a><\/div><\/div><\/div><\/section><section class=\"ucler-manset-slide\" aria-roledescription=\"slide\" aria-label=\"8\"><div class=\"ucler-manset-bg\" style=\"background-image:url(http:\/\/ucleraksesuar.com\/wp-content\/uploads\/2026\/02\/WhatsApp-Image-2026-02-02-at-12.17.39-5.jpeg)\"><\/div><div class=\"ucler-manset-overlay\"><\/div><div class=\"ucler-manset-inner\"><div class=\"ucler-manset-copy\"><h2><\/h2><p>\u0130\u015fyerimizden G\u00f6r\u00fcnt\u00fcler<\/p><div class=\"ucler-manset-actions\"><a class=\"ucler-btn ucler-primary\" href=\"http:\/\/ucleraksesuar.com\/index.php\/2023\/01\/29\/biz-kimiz\/\">\u0130\u015fyerimizden G\u00f6r\u00fcnt\u00fcler<\/a><a class=\"ucler-btn ucler-ghost\" href=\"https:\/\/wa.me\/905053230803\" target=\"_blank\" rel=\"noopener\">WhatsApp<\/a><a class=\"ucler-btn ucler-ghost\" href=\"tel:05053230803\">Ara<\/a><\/div><\/div><\/div><\/section><section class=\"ucler-manset-slide\" aria-roledescription=\"slide\" aria-label=\"9\"><div class=\"ucler-manset-bg\" style=\"background-image:url(http:\/\/ucleraksesuar.com\/wp-content\/uploads\/2026\/02\/WhatsApp-Image-2026-02-02-at-12.17.39-3.jpeg)\"><\/div><div class=\"ucler-manset-overlay\"><\/div><div class=\"ucler-manset-inner\"><div class=\"ucler-manset-copy\"><h2><\/h2><p>\u0130\u015fyerimizden G\u00f6r\u00fcnt\u00fcler<\/p><div class=\"ucler-manset-actions\"><a class=\"ucler-btn ucler-primary\" href=\"http:\/\/ucleraksesuar.com\/index.php\/2023\/01\/29\/biz-kimiz\/\">\u0130\u015fyerimizden G\u00f6r\u00fcnt\u00fcler<\/a><a class=\"ucler-btn ucler-ghost\" href=\"https:\/\/wa.me\/905053230803\" target=\"_blank\" rel=\"noopener\">WhatsApp<\/a><a class=\"ucler-btn ucler-ghost\" href=\"tel:05053230803\">Ara<\/a><\/div><\/div><\/div><\/section><\/div><button class=\"ucler-manset-nav ucler-prev\" type=\"button\" aria-label=\"\u00d6nceki\">\u2039<\/button><button class=\"ucler-manset-nav ucler-next\" type=\"button\" aria-label=\"Sonraki\">\u203a<\/button><div class=\"ucler-manset-dots\" aria-label=\"Slayt se\u00e7\"><\/div><button class=\"ucler-scroll-down\" type=\"button\" aria-label=\"A\u015fa\u011f\u0131 kayd\u0131r\"><span class=\"ucler-scroll-pill\">Kayd\u0131r<\/span><span class=\"ucler-scroll-dot\"><\/span><\/button><\/div><div class=\"ucler-manset-after\" aria-hidden=\"true\"><\/div>\n\n\n<div class=\"ucler-vitrin-wrap\"><div class=\"ucler-vitrin-header\"><h2>\u00dcr\u00fcnlerimiz<\/h2><\/div><div class=\"ucler-urun-grid ucler-cols-4\"><a class=\"ucler-urun-card\" href=\"http:\/\/ucleraksesuar.com\/index.php\/urun\/vida\/\"><img loading=\"lazy\" decoding=\"async\" width=\"225\" height=\"300\" src=\"http:\/\/ucleraksesuar.com\/wp-content\/uploads\/2026\/01\/WhatsApp-Image-2026-01-27-at-21.27.00-4-1-225x300.jpeg\" class=\"ucler-urun-thumb wp-post-image\" alt=\"\" loading=\"lazy\" srcset=\"http:\/\/ucleraksesuar.com\/wp-content\/uploads\/2026\/01\/WhatsApp-Image-2026-01-27-at-21.27.00-4-1-225x300.jpeg 225w, http:\/\/ucleraksesuar.com\/wp-content\/uploads\/2026\/01\/WhatsApp-Image-2026-01-27-at-21.27.00-4-1-768x1024.jpeg 768w, http:\/\/ucleraksesuar.com\/wp-content\/uploads\/2026\/01\/WhatsApp-Image-2026-01-27-at-21.27.00-4-1-1152x1536.jpeg 1152w, http:\/\/ucleraksesuar.com\/wp-content\/uploads\/2026\/01\/WhatsApp-Image-2026-01-27-at-21.27.00-4-1.jpeg 1200w\" sizes=\"auto, (max-width: 225px) 100vw, 225px\" \/><div class=\"ucler-urun-body\"><div class=\"ucler-urun-title\">Vida<\/div><div class=\"ucler-urun-short\">Vida<\/div><div class=\"ucler-urun-more\">Detaya Bak \u2192<\/div><\/div><\/a><a class=\"ucler-urun-card\" href=\"http:\/\/ucleraksesuar.com\/index.php\/urun\/elektrik-malzemeleri-2\/\"><img loading=\"lazy\" decoding=\"async\" width=\"225\" height=\"300\" src=\"http:\/\/ucleraksesuar.com\/wp-content\/uploads\/2026\/01\/WhatsApp-Image-2026-01-28-at-10.32.20-1-225x300.jpeg\" class=\"ucler-urun-thumb wp-post-image\" alt=\"\" loading=\"lazy\" srcset=\"http:\/\/ucleraksesuar.com\/wp-content\/uploads\/2026\/01\/WhatsApp-Image-2026-01-28-at-10.32.20-1-225x300.jpeg 225w, http:\/\/ucleraksesuar.com\/wp-content\/uploads\/2026\/01\/WhatsApp-Image-2026-01-28-at-10.32.20-1-768x1024.jpeg 768w, http:\/\/ucleraksesuar.com\/wp-content\/uploads\/2026\/01\/WhatsApp-Image-2026-01-28-at-10.32.20-1-1152x1536.jpeg 1152w, http:\/\/ucleraksesuar.com\/wp-content\/uploads\/2026\/01\/WhatsApp-Image-2026-01-28-at-10.32.20-1.jpeg 1200w\" sizes=\"auto, (max-width: 225px) 100vw, 225px\" \/><div class=\"ucler-urun-body\"><div class=\"ucler-urun-title\">Elektrik malzemeleri<\/div><div class=\"ucler-urun-short\">Elektrik malzemeleri<\/div><div class=\"ucler-urun-more\">Detaya Bak \u2192<\/div><\/div><\/a><a class=\"ucler-urun-card\" href=\"http:\/\/ucleraksesuar.com\/index.php\/urun\/civatavidasomunrondelagijongomlekli-dubelklipsli-dubel\/\"><img loading=\"lazy\" decoding=\"async\" width=\"225\" height=\"300\" src=\"http:\/\/ucleraksesuar.com\/wp-content\/uploads\/2026\/01\/WhatsApp-Image-2026-01-27-at-21.27.00-5-1-225x300.jpeg\" class=\"ucler-urun-thumb wp-post-image\" alt=\"\" loading=\"lazy\" srcset=\"http:\/\/ucleraksesuar.com\/wp-content\/uploads\/2026\/01\/WhatsApp-Image-2026-01-27-at-21.27.00-5-1-225x300.jpeg 225w, http:\/\/ucleraksesuar.com\/wp-content\/uploads\/2026\/01\/WhatsApp-Image-2026-01-27-at-21.27.00-5-1-768x1024.jpeg 768w, http:\/\/ucleraksesuar.com\/wp-content\/uploads\/2026\/01\/WhatsApp-Image-2026-01-27-at-21.27.00-5-1-1152x1536.jpeg 1152w, http:\/\/ucleraksesuar.com\/wp-content\/uploads\/2026\/01\/WhatsApp-Image-2026-01-27-at-21.27.00-5-1.jpeg 1200w\" sizes=\"auto, (max-width: 225px) 100vw, 225px\" \/><div class=\"ucler-urun-body\"><div class=\"ucler-urun-title\">Civata,vida,somun,rondela,gijon,g\u00f6mlekli d\u00fcbel,klipsli d\u00fcbel<\/div><div class=\"ucler-urun-more\">Detaya Bak \u2192<\/div><\/div><\/a><a class=\"ucler-urun-card\" href=\"http:\/\/ucleraksesuar.com\/index.php\/urun\/3-metre\/\"><img loading=\"lazy\" decoding=\"async\" width=\"225\" height=\"300\" src=\"http:\/\/ucleraksesuar.com\/wp-content\/uploads\/2026\/01\/WhatsApp-Image-2026-01-27-at-21.27.00-10-1-225x300.jpeg\" class=\"ucler-urun-thumb wp-post-image\" alt=\"\" loading=\"lazy\" srcset=\"http:\/\/ucleraksesuar.com\/wp-content\/uploads\/2026\/01\/WhatsApp-Image-2026-01-27-at-21.27.00-10-1-225x300.jpeg 225w, http:\/\/ucleraksesuar.com\/wp-content\/uploads\/2026\/01\/WhatsApp-Image-2026-01-27-at-21.27.00-10-1-768x1024.jpeg 768w, http:\/\/ucleraksesuar.com\/wp-content\/uploads\/2026\/01\/WhatsApp-Image-2026-01-27-at-21.27.00-10-1-1152x1536.jpeg 1152w, http:\/\/ucleraksesuar.com\/wp-content\/uploads\/2026\/01\/WhatsApp-Image-2026-01-27-at-21.27.00-10-1.jpeg 1200w\" sizes=\"auto, (max-width: 225px) 100vw, 225px\" \/><div class=\"ucler-urun-body\"><div class=\"ucler-urun-title\">3 Metre<\/div><div class=\"ucler-urun-short\">3 Metre<\/div><div class=\"ucler-urun-more\">Detaya Bak \u2192<\/div><\/div><\/a><a class=\"ucler-urun-card\" href=\"http:\/\/ucleraksesuar.com\/index.php\/urun\/balonlu-naylon\/\"><img loading=\"lazy\" decoding=\"async\" width=\"234\" height=\"300\" src=\"http:\/\/ucleraksesuar.com\/wp-content\/uploads\/2026\/01\/WhatsApp-Image-2026-01-27-at-22.00.00-1-234x300.jpeg\" class=\"ucler-urun-thumb wp-post-image\" alt=\"\" loading=\"lazy\" srcset=\"http:\/\/ucleraksesuar.com\/wp-content\/uploads\/2026\/01\/WhatsApp-Image-2026-01-27-at-22.00.00-1-234x300.jpeg 234w, http:\/\/ucleraksesuar.com\/wp-content\/uploads\/2026\/01\/WhatsApp-Image-2026-01-27-at-22.00.00-1-798x1024.jpeg 798w, http:\/\/ucleraksesuar.com\/wp-content\/uploads\/2026\/01\/WhatsApp-Image-2026-01-27-at-22.00.00-1-768x985.jpeg 768w, http:\/\/ucleraksesuar.com\/wp-content\/uploads\/2026\/01\/WhatsApp-Image-2026-01-27-at-22.00.00-1.jpeg 975w\" sizes=\"auto, (max-width: 234px) 100vw, 234px\" \/><div class=\"ucler-urun-body\"><div class=\"ucler-urun-title\">Balonlu naylon<\/div><div class=\"ucler-urun-short\">Balonlu naylon<\/div><div class=\"ucler-urun-more\">Detaya Bak \u2192<\/div><\/div><\/a><a class=\"ucler-urun-card\" href=\"http:\/\/ucleraksesuar.com\/index.php\/urun\/elektrik-malzemeleri\/\"><img loading=\"lazy\" decoding=\"async\" width=\"225\" height=\"300\" src=\"http:\/\/ucleraksesuar.com\/wp-content\/uploads\/2026\/01\/WhatsApp-Image-2026-01-28-at-10.32.20-1-225x300.jpeg\" class=\"ucler-urun-thumb wp-post-image\" alt=\"\" loading=\"lazy\" srcset=\"http:\/\/ucleraksesuar.com\/wp-content\/uploads\/2026\/01\/WhatsApp-Image-2026-01-28-at-10.32.20-1-225x300.jpeg 225w, http:\/\/ucleraksesuar.com\/wp-content\/uploads\/2026\/01\/WhatsApp-Image-2026-01-28-at-10.32.20-1-768x1024.jpeg 768w, http:\/\/ucleraksesuar.com\/wp-content\/uploads\/2026\/01\/WhatsApp-Image-2026-01-28-at-10.32.20-1-1152x1536.jpeg 1152w, http:\/\/ucleraksesuar.com\/wp-content\/uploads\/2026\/01\/WhatsApp-Image-2026-01-28-at-10.32.20-1.jpeg 1200w\" sizes=\"auto, (max-width: 225px) 100vw, 225px\" \/><div class=\"ucler-urun-body\"><div class=\"ucler-urun-title\">Elektrik malzemeleri<\/div><div class=\"ucler-urun-more\">Detaya Bak \u2192<\/div><\/div><\/a><a class=\"ucler-urun-card\" href=\"http:\/\/ucleraksesuar.com\/index.php\/urun\/selulozik-tiner\/\"><img loading=\"lazy\" decoding=\"async\" width=\"225\" height=\"300\" src=\"http:\/\/ucleraksesuar.com\/wp-content\/uploads\/2026\/01\/WhatsApp-Image-2026-01-27-at-21.27.00-21-225x300.jpeg\" class=\"ucler-urun-thumb wp-post-image\" alt=\"\" loading=\"lazy\" srcset=\"http:\/\/ucleraksesuar.com\/wp-content\/uploads\/2026\/01\/WhatsApp-Image-2026-01-27-at-21.27.00-21-225x300.jpeg 225w, http:\/\/ucleraksesuar.com\/wp-content\/uploads\/2026\/01\/WhatsApp-Image-2026-01-27-at-21.27.00-21-768x1024.jpeg 768w, http:\/\/ucleraksesuar.com\/wp-content\/uploads\/2026\/01\/WhatsApp-Image-2026-01-27-at-21.27.00-21-1152x1536.jpeg 1152w, http:\/\/ucleraksesuar.com\/wp-content\/uploads\/2026\/01\/WhatsApp-Image-2026-01-27-at-21.27.00-21.jpeg 1200w\" sizes=\"auto, (max-width: 225px) 100vw, 225px\" \/><div class=\"ucler-urun-body\"><div class=\"ucler-urun-title\">Sel\u00fclozik Tiner<\/div><div class=\"ucler-urun-short\">Sel\u00fclozik Tiner<\/div><div class=\"ucler-urun-more\">Detaya Bak \u2192<\/div><\/div><\/a><a class=\"ucler-urun-card\" href=\"http:\/\/ucleraksesuar.com\/index.php\/urun\/cephe-ankrajlari\/\"><img loading=\"lazy\" decoding=\"async\" width=\"225\" height=\"300\" src=\"http:\/\/ucleraksesuar.com\/wp-content\/uploads\/2026\/01\/WhatsApp-Image-2026-01-27-at-21.27.00-6-1-225x300.jpeg\" class=\"ucler-urun-thumb wp-post-image\" alt=\"\" loading=\"lazy\" srcset=\"http:\/\/ucleraksesuar.com\/wp-content\/uploads\/2026\/01\/WhatsApp-Image-2026-01-27-at-21.27.00-6-1-225x300.jpeg 225w, http:\/\/ucleraksesuar.com\/wp-content\/uploads\/2026\/01\/WhatsApp-Image-2026-01-27-at-21.27.00-6-1-768x1024.jpeg 768w, http:\/\/ucleraksesuar.com\/wp-content\/uploads\/2026\/01\/WhatsApp-Image-2026-01-27-at-21.27.00-6-1-1152x1536.jpeg 1152w, http:\/\/ucleraksesuar.com\/wp-content\/uploads\/2026\/01\/WhatsApp-Image-2026-01-27-at-21.27.00-6-1.jpeg 1200w\" sizes=\"auto, (max-width: 225px) 100vw, 225px\" \/><div class=\"ucler-urun-body\"><div class=\"ucler-urun-title\">Cephe ankrajlar\u0131<\/div><div class=\"ucler-urun-short\">Cephe ankrajlar\u0131<\/div><div class=\"ucler-urun-more\">Detaya Bak \u2192<\/div><\/div><\/a><\/div><\/div>\n\n\n\n<h3 class=\"wp-block-heading\"><strong>\u0130\u015fyerimizden G\u00f6r\u00fcnt\u00fcler<\/strong><\/h3>\n\n\n\n<figure class=\"wp-block-gallery has-nested-images columns-default is-cropped wp-block-gallery-1 is-layout-flex wp-block-gallery-is-layout-flex\">\n<figure class=\"wp-block-image size-large\"><img fetchpriority=\"high\" decoding=\"async\" width=\"768\" height=\"1024\" data-id=\"18941\" src=\"http:\/\/ucleraksesuar.com\/wp-content\/uploads\/2026\/02\/WhatsApp-Image-2026-02-02-at-12.17.39-768x1024.jpeg\" alt=\"\" class=\"wp-image-18941\" srcset=\"http:\/\/ucleraksesuar.com\/wp-content\/uploads\/2026\/02\/WhatsApp-Image-2026-02-02-at-12.17.39-768x1024.jpeg 768w, http:\/\/ucleraksesuar.com\/wp-content\/uploads\/2026\/02\/WhatsApp-Image-2026-02-02-at-12.17.39-225x300.jpeg 225w, http:\/\/ucleraksesuar.com\/wp-content\/uploads\/2026\/02\/WhatsApp-Image-2026-02-02-at-12.17.39-1152x1536.jpeg 1152w, http:\/\/ucleraksesuar.com\/wp-content\/uploads\/2026\/02\/WhatsApp-Image-2026-02-02-at-12.17.39.jpeg 1200w\" sizes=\"(max-width: 768px) 100vw, 768px\" \/><figcaption class=\"wp-element-caption\">\u0130\u015fyerimizden G\u00f6r\u00fcnt\u00fcler<\/figcaption><\/figure>\n\n\n\n<figure class=\"wp-block-image size-large\"><img decoding=\"async\" width=\"768\" height=\"1024\" data-id=\"18938\" src=\"http:\/\/ucleraksesuar.com\/wp-content\/uploads\/2026\/02\/WhatsApp-Image-2026-02-02-at-12.17.39-4-768x1024.jpeg\" alt=\"\" class=\"wp-image-18938\" srcset=\"http:\/\/ucleraksesuar.com\/wp-content\/uploads\/2026\/02\/WhatsApp-Image-2026-02-02-at-12.17.39-4-768x1024.jpeg 768w, http:\/\/ucleraksesuar.com\/wp-content\/uploads\/2026\/02\/WhatsApp-Image-2026-02-02-at-12.17.39-4-225x300.jpeg 225w, http:\/\/ucleraksesuar.com\/wp-content\/uploads\/2026\/02\/WhatsApp-Image-2026-02-02-at-12.17.39-4-1152x1536.jpeg 1152w, http:\/\/ucleraksesuar.com\/wp-content\/uploads\/2026\/02\/WhatsApp-Image-2026-02-02-at-12.17.39-4.jpeg 1200w\" sizes=\"(max-width: 768px) 100vw, 768px\" \/><figcaption class=\"wp-element-caption\">\u0130\u015fyerimizden G\u00f6r\u00fcnt\u00fcler<\/figcaption><\/figure>\n\n\n\n<figure class=\"wp-block-image size-large\"><img decoding=\"async\" width=\"768\" height=\"1024\" data-id=\"18936\" src=\"http:\/\/ucleraksesuar.com\/wp-content\/uploads\/2026\/02\/WhatsApp-Image-2026-02-02-at-12.17.39-2-768x1024.jpeg\" alt=\"\" class=\"wp-image-18936\" srcset=\"http:\/\/ucleraksesuar.com\/wp-content\/uploads\/2026\/02\/WhatsApp-Image-2026-02-02-at-12.17.39-2-768x1024.jpeg 768w, http:\/\/ucleraksesuar.com\/wp-content\/uploads\/2026\/02\/WhatsApp-Image-2026-02-02-at-12.17.39-2-225x300.jpeg 225w, http:\/\/ucleraksesuar.com\/wp-content\/uploads\/2026\/02\/WhatsApp-Image-2026-02-02-at-12.17.39-2-1152x1536.jpeg 1152w, http:\/\/ucleraksesuar.com\/wp-content\/uploads\/2026\/02\/WhatsApp-Image-2026-02-02-at-12.17.39-2.jpeg 1200w\" sizes=\"(max-width: 768px) 100vw, 768px\" \/><figcaption class=\"wp-element-caption\">\u0130\u015fyerimizden G\u00f6r\u00fcnt\u00fcler<\/figcaption><\/figure>\n<\/figure>\n\n\n<div class=\"ucler-katalog-wrap\"><div class=\"ucler-katalog-header\"><h2>Kategoriler<\/h2><div class=\"ucler-katalog-sub\">Kategori se\u00e7erek \u00fcr\u00fcnleri g\u00f6r\u00fcnt\u00fcleyin.<\/div><\/div><div class=\"ucler-cat-grid ucler-cols-4\"><a class=\"ucler-cat-card\" href=\"http:\/\/ucleraksesuar.com\/index.php\/kategori\/aluminyum-aksesuarlari\/\"><img loading=\"lazy\" decoding=\"async\" width=\"768\" height=\"1024\" src=\"http:\/\/ucleraksesuar.com\/wp-content\/uploads\/2026\/01\/WhatsApp-Image-2026-01-28-at-12.31.37-1-768x1024.jpeg\" class=\"ucler-cat-thumb\" alt=\"\" srcset=\"http:\/\/ucleraksesuar.com\/wp-content\/uploads\/2026\/01\/WhatsApp-Image-2026-01-28-at-12.31.37-1-768x1024.jpeg 768w, http:\/\/ucleraksesuar.com\/wp-content\/uploads\/2026\/01\/WhatsApp-Image-2026-01-28-at-12.31.37-1-225x300.jpeg 225w, http:\/\/ucleraksesuar.com\/wp-content\/uploads\/2026\/01\/WhatsApp-Image-2026-01-28-at-12.31.37-1-1152x1536.jpeg 1152w, http:\/\/ucleraksesuar.com\/wp-content\/uploads\/2026\/01\/WhatsApp-Image-2026-01-28-at-12.31.37-1.jpeg 1200w\" sizes=\"(max-width: 768px) 100vw, 768px\" \/><div class=\"ucler-cat-body\"><div class=\"ucler-cat-title\">Al\u00fcminyum aksesuarlar\u0131<\/div><div class=\"ucler-cat-more\">\u00dcr\u00fcnleri G\u00f6r \u2192<\/div><\/div><\/a><a class=\"ucler-cat-card\" href=\"http:\/\/ucleraksesuar.com\/index.php\/kategori\/ambalaj\/\"><img loading=\"lazy\" decoding=\"async\" width=\"768\" height=\"1024\" src=\"http:\/\/ucleraksesuar.com\/wp-content\/uploads\/2026\/01\/WhatsApp-Image-2026-01-28-at-09.53.35-1-768x1024.jpeg\" class=\"ucler-cat-thumb\" alt=\"\" srcset=\"http:\/\/ucleraksesuar.com\/wp-content\/uploads\/2026\/01\/WhatsApp-Image-2026-01-28-at-09.53.35-1-768x1024.jpeg 768w, http:\/\/ucleraksesuar.com\/wp-content\/uploads\/2026\/01\/WhatsApp-Image-2026-01-28-at-09.53.35-1-225x300.jpeg 225w, http:\/\/ucleraksesuar.com\/wp-content\/uploads\/2026\/01\/WhatsApp-Image-2026-01-28-at-09.53.35-1-1152x1536.jpeg 1152w, http:\/\/ucleraksesuar.com\/wp-content\/uploads\/2026\/01\/WhatsApp-Image-2026-01-28-at-09.53.35-1.jpeg 1200w\" sizes=\"(max-width: 768px) 100vw, 768px\" \/><div class=\"ucler-cat-body\"><div class=\"ucler-cat-title\">Ambalaj<\/div><div class=\"ucler-cat-desc\">Ambalaj<\/div><div class=\"ucler-cat-more\">\u00dcr\u00fcnleri G\u00f6r \u2192<\/div><\/div><\/a><a class=\"ucler-cat-card\" href=\"http:\/\/ucleraksesuar.com\/index.php\/kategori\/ankrajlari\/\"><img loading=\"lazy\" decoding=\"async\" width=\"768\" height=\"1024\" src=\"http:\/\/ucleraksesuar.com\/wp-content\/uploads\/2026\/01\/WhatsApp-Image-2026-01-27-at-21.33.22-1-768x1024.jpeg\" class=\"ucler-cat-thumb\" alt=\"\" srcset=\"http:\/\/ucleraksesuar.com\/wp-content\/uploads\/2026\/01\/WhatsApp-Image-2026-01-27-at-21.33.22-1-768x1024.jpeg 768w, http:\/\/ucleraksesuar.com\/wp-content\/uploads\/2026\/01\/WhatsApp-Image-2026-01-27-at-21.33.22-1-225x300.jpeg 225w, http:\/\/ucleraksesuar.com\/wp-content\/uploads\/2026\/01\/WhatsApp-Image-2026-01-27-at-21.33.22-1-1152x1536.jpeg 1152w, http:\/\/ucleraksesuar.com\/wp-content\/uploads\/2026\/01\/WhatsApp-Image-2026-01-27-at-21.33.22-1.jpeg 1200w\" sizes=\"(max-width: 768px) 100vw, 768px\" \/><div class=\"ucler-cat-body\"><div class=\"ucler-cat-title\">Ankrajlar\u0131<\/div><div class=\"ucler-cat-more\">\u00dcr\u00fcnleri G\u00f6r \u2192<\/div><\/div><\/a><a class=\"ucler-cat-card\" href=\"http:\/\/ucleraksesuar.com\/index.php\/kategori\/hirdavat\/\"><img loading=\"lazy\" decoding=\"async\" width=\"768\" height=\"1024\" src=\"http:\/\/ucleraksesuar.com\/wp-content\/uploads\/2026\/01\/WhatsApp-Image-2026-01-27-at-21.40.10-1-768x1024.jpeg\" class=\"ucler-cat-thumb\" alt=\"\" srcset=\"http:\/\/ucleraksesuar.com\/wp-content\/uploads\/2026\/01\/WhatsApp-Image-2026-01-27-at-21.40.10-1-768x1024.jpeg 768w, http:\/\/ucleraksesuar.com\/wp-content\/uploads\/2026\/01\/WhatsApp-Image-2026-01-27-at-21.40.10-1-225x300.jpeg 225w, http:\/\/ucleraksesuar.com\/wp-content\/uploads\/2026\/01\/WhatsApp-Image-2026-01-27-at-21.40.10-1-1152x1536.jpeg 1152w, http:\/\/ucleraksesuar.com\/wp-content\/uploads\/2026\/01\/WhatsApp-Image-2026-01-27-at-21.40.10-1.jpeg 1200w\" sizes=\"(max-width: 768px) 100vw, 768px\" \/><div class=\"ucler-cat-body\"><div class=\"ucler-cat-title\">H\u0131rdavat<\/div><div class=\"ucler-cat-desc\">H\u0131rdavat<\/div><div class=\"ucler-cat-more\">\u00dcr\u00fcnleri G\u00f6r \u2192<\/div><\/div><\/a><a class=\"ucler-cat-card\" href=\"http:\/\/ucleraksesuar.com\/index.php\/kategori\/is-guvenligi-malzemeleri\/\"><img loading=\"lazy\" decoding=\"async\" width=\"768\" height=\"1024\" src=\"http:\/\/ucleraksesuar.com\/wp-content\/uploads\/2026\/01\/WhatsApp-Image-2026-01-28-at-10.22.54-1-768x1024.jpeg\" class=\"ucler-cat-thumb\" alt=\"\" srcset=\"http:\/\/ucleraksesuar.com\/wp-content\/uploads\/2026\/01\/WhatsApp-Image-2026-01-28-at-10.22.54-1-768x1024.jpeg 768w, http:\/\/ucleraksesuar.com\/wp-content\/uploads\/2026\/01\/WhatsApp-Image-2026-01-28-at-10.22.54-1-225x300.jpeg 225w, http:\/\/ucleraksesuar.com\/wp-content\/uploads\/2026\/01\/WhatsApp-Image-2026-01-28-at-10.22.54-1-1152x1536.jpeg 1152w, http:\/\/ucleraksesuar.com\/wp-content\/uploads\/2026\/01\/WhatsApp-Image-2026-01-28-at-10.22.54-1.jpeg 1200w\" sizes=\"(max-width: 768px) 100vw, 768px\" \/><div class=\"ucler-cat-body\"><div class=\"ucler-cat-title\">\u0130\u015f g\u00fcvenli\u011fi malzemeleri<\/div><div class=\"ucler-cat-desc\">\u0130\u015f g\u00fcvenli\u011fi malzemeleri<\/div><div class=\"ucler-cat-more\">\u00dcr\u00fcnleri G\u00f6r \u2192<\/div><\/div><\/a><\/div><\/div>\n\n\n\n<p><\/p>\n","protected":false},"excerpt":{"rendered":"<p>\u0130\u015fyerimizden G\u00f6r\u00fcnt\u00fcler<\/p>\n","protected":false},"author":1,"featured_media":0,"parent":0,"menu_order":0,"comment_status":"closed","ping_status":"closed","template":"","meta":{"footnotes":""},"class_list":["post-18858","page","type-page","status-publish","hentry"],"_links":{"self":[{"href":"http:\/\/ucleraksesuar.com\/index.php\/wp-json\/wp\/v2\/pages\/18858","targetHints":{"allow":["GET"]}}],"collection":[{"href":"http:\/\/ucleraksesuar.com\/index.php\/wp-json\/wp\/v2\/pages"}],"about":[{"href":"http:\/\/ucleraksesuar.com\/index.php\/wp-json\/wp\/v2\/types\/page"}],"author":[{"embeddable":true,"href":"http:\/\/ucleraksesuar.com\/index.php\/wp-json\/wp\/v2\/users\/1"}],"replies":[{"embeddable":true,"href":"http:\/\/ucleraksesuar.com\/index.php\/wp-json\/wp\/v2\/comments?post=18858"}],"version-history":[{"count":9,"href":"http:\/\/ucleraksesuar.com\/index.php\/wp-json\/wp\/v2\/pages\/18858\/revisions"}],"predecessor-version":[{"id":18954,"href":"http:\/\/ucleraksesuar.com\/index.php\/wp-json\/wp\/v2\/pages\/18858\/revisions\/18954"}],"wp:attachment":[{"href":"http:\/\/ucleraksesuar.com\/index.php\/wp-json\/wp\/v2\/media?parent=18858"}],"curies":[{"name":"wp","href":"https:\/\/api.w.org\/{rel}","templated":true}]}}